{"id":5286,"date":"2020-05-27T14:47:25","date_gmt":"2020-05-27T12:47:25","guid":{"rendered":"https:\/\/ratownicykredytowi.znakomity.net\/?page_id=5286"},"modified":"2022-10-31T13:00:22","modified_gmt":"2022-10-31T12:00:22","slug":"regulamin","status":"publish","type":"page","link":"https:\/\/ratownicykredytowi.znakomity.net\/?page_id=5286","title":{"rendered":"Regulamin"},"content":{"rendered":"<ol>\n<li>Postanowienia og\u00f3lne<\/li>\n<li>Definicje<\/li>\n<li>Rodzaj i zakres us\u0142ug elektronicznych<\/li>\n<li>Warunki \u015bwiadczenia i zawierania um\u00f3w o \u015bwiadczenie us\u0142ug elektronicznych<\/li>\n<li>Warunki rozwi\u0105zania um\u00f3w o \u015bwiadczenie us\u0142ug elektronicznych<\/li>\n<li>Tryb post\u0119powania reklamacyjnego<\/li>\n<li>W\u0142asno\u015b\u0107 intelektualna<\/li>\n<li>Postanowienia ko\u0144cowe<\/li>\n<\/ol>\n<ol>\n<li>POSTANOWIENIA OG\u00d3LNE\n<ol>\n<li>Strona https:\/\/ratownicykredytowi.znakomity.net dzia\u0142a na zasadach okre\u015blonych w niniejszym Regulaminie.<\/li>\n<li>Regulamin okre\u015bla rodzaje i zakres us\u0142ug \u015bwiadczonych drog\u0105 elektroniczn\u0105 przez Stron\u0119 https:\/\/ratownicykredytowi.znakomity.net, zasady \u015bwiadczenia tych us\u0142ug, warunki zawierania i rozwi\u0105zywania um\u00f3w o \u015bwiadczenie us\u0142ug drog\u0105 elektroniczn\u0105, a tak\u017ce tryb post\u0119powania reklamacyjnego.<\/li>\n<li>Regulamin okre\u015bla rodzaje i zakres us\u0142ug \u015bwiadczonych drog\u0105 elektroniczn\u0105 przez Stron\u0119 https:\/\/ratownicykredytowi.znakomity.net, zasady \u015bwiadczenia tych us\u0142ug, warunki zawierania i rozwi\u0105zywania um\u00f3w o \u015bwiadczenie us\u0142ug drog\u0105 elektroniczn\u0105, a tak\u017ce tryb post\u0119powania reklamacyjnego.<\/li>\n<li>Ka\u017cdy Us\u0142ugobiorca z chwil\u0105 podj\u0119cia czynno\u015bci zmierzaj\u0105cych do korzystania z Us\u0142ug Elektronicznych Strony https:\/\/ratownicykredytowi.znakomity.net, zobowi\u0105zany jest do przestrzegania postanowie\u0144 niniejszego Regulaminu.<\/li>\n<li>W sprawach nieuregulowanych w niniejszym Regulaminie maj\u0105 zastosowanie przepisy\n<ol>\n<li>Ustawy o \u015bwiadczeniu us\u0142ug drog\u0105 elektroniczn\u0105 z dnia 18 lipca 2002 r. (Dz. U. Nr 144, poz. 1204 ze zm.),<\/li>\n<li>Ustawy o prawach konsumenta z dnia 30 maja 2014 r. (Dz. U. 2014 poz. 827),<\/li>\n<li>Ustawy Kodeks cywilny z dnia 23 kwietnia 1964 r. (Dz. U. nr 16, poz. 93 ze zm.) oraz inne w\u0142a\u015bciwe przepisy prawa polskiego.<\/li>\n<\/ol>\n<\/li>\n<\/ol>\n<\/li>\n<li>DEFINICJE\n<ol>\n<li>FORMULARZ KONTAKTOWY \u2013 formularz dost\u0119pny na Stronie https:\/\/ratownicykredytowi.znakomity.net umo\u017cliwiaj\u0105cy Us\u0142ugobiorcy bezpo\u015bredni kontakt z Us\u0142ugodawc\u0105.<\/li>\n<li>REGULAMIN &#8211; niniejszy regulamin Strony.<\/li>\n<li>US\u0141UGODAWCA \u2013 Izabela \u015alusarczyk wykonuj\u0105cy\/a dzia\u0142alno\u015b\u0107 gospodarcz\u0105 pod firm\u0105\u00a0 Izabela \u015alusarczyk Finanse, adres siedziby: 03-287 Warszawa, ul. Skarbka z G\u00f3r 63\/7, NIP: 622-262-48-10 wpisan\u0105 do Centralnej Ewidencji i Informacji o Dzia\u0142alno\u015bci Gospodarczej, adres poczty elektronicznej: kontakt@ratownicykredytowi.znakomity.net, tel. 791161111.<\/li>\n<li>US\u0141UGOBIORCA \u2013 osoba fizyczna, osoba prawna albo jednostka organizacyjna nieposiadaj\u0105ca osobowo\u015bci prawnej, kt\u00f3rej ustawa przyznaje zdolno\u015b\u0107 prawn\u0105 korzystaj\u0105ca z Us\u0142ugi Elektronicznej.<\/li>\n<li>US\u0141UGA ELEKTRONICZNA \u2013 us\u0142uga \u015bwiadczona drog\u0105 elektroniczn\u0105 przez Us\u0142ugodawc\u0119 na rzecz Us\u0142ugobiorcy za po\u015brednictwem Strony.<\/li>\n<\/ol>\n<\/li>\n<li>RODZAJ I ZAKRES US\u0141UG ELEKTRONICZNYCH\n<ol>\n<li>Us\u0142ugodawca umo\u017cliwia za po\u015brednictwem Strony korzystanie z Us\u0142ug Elektronicznych takich jak:\n<ol>\n<li>korzystanie z Formularza Kontaktowego,<\/li>\n<\/ol>\n<\/li>\n<li>\u015awiadczenie Us\u0142ug Elektronicznych na rzecz Us\u0142ugobiorc\u00f3w odbywa si\u0119 na warunkach okre\u015blonych w Regulaminie.<\/li>\n<\/ol>\n<\/li>\n<li>WARUNKI \u015aWIADCZENIA I ZAWIERANIA UM\u00d3W O \u015aWIADCZENIE US\u0141UG ELEKTRONICZNYCH\n<ol>\n<li>\u015awiadczenie Us\u0142ug Elektronicznych okre\u015blonych w rozdziale III pkt. 1 Regulaminu przez Us\u0142ugodawc\u0119 jest nieodp\u0142atne.<\/li>\n<li>Okres na jaki umowa zostaje zawarta:\n<ol>\n<li>umowa o \u015bwiadczenie Us\u0142ugi Elektronicznej polegaj\u0105cej na umo\u017cliwieniu wys\u0142ania wiadomo\u015bci za po\u015brednictwem Formularza Kontaktowego zawierana jest na czas oznaczony i ulega rozwi\u0105zaniu z chwil\u0105 wys\u0142ania wiadomo\u015bci albo zaprzestania jej wysy\u0142ania przez Us\u0142ugobiorc\u0119.<\/li>\n<\/ol>\n<\/li>\n<li>Wymagania techniczne niezb\u0119dne do wsp\u00f3\u0142pracy z systemem teleinformatycznym, kt\u00f3rym pos\u0142uguje si\u0119 Us\u0142ugodawca:\n<ol>\n<li>komputer z dost\u0119pem do Internetu,<\/li>\n<li>dost\u0119p do poczty elektronicznej,<\/li>\n<li>przegl\u0105darka internetowa,<\/li>\n<li>w\u0142\u0105czenie w przegl\u0105darce internetowej Cookies oraz Javascript.<\/li>\n<\/ol>\n<\/li>\n<li>Us\u0142ugobiorca zobowi\u0105zany jest do korzystania ze Strony w spos\u00f3b zgodny z prawem i dobrymi obyczajami maj\u0105c na uwadze poszanowanie d\u00f3br osobistych i praw w\u0142asno\u015bci intelektualnej os\u00f3b trzecich.<\/li>\n<li>Us\u0142ugobiorca zobowi\u0105zany jest do wprowadzania danych zgodnych ze stanem faktycznym.<\/li>\n<li>Us\u0142ugobiorc\u0119 obowi\u0105zuje zakaz dostarczania tre\u015bci o charakterze bezprawnym.<\/li>\n<\/ol>\n<\/li>\n<li>TRYB POST\u0118POWANIA REKLAMACYJNEGO\n<ol>\n<li>Reklamacje zwi\u0105zane ze \u015bwiadczeniem Us\u0142ug Elektronicznych przez Us\u0142ugodawc\u0119:\n<ol>\n<li>Reklamacje zwi\u0105zane ze \u015bwiadczeniem Us\u0142ug Elektronicznych za po\u015brednictwem Strony Us\u0142ugobiorca mo\u017ce sk\u0142ada\u0107 za po\u015brednictwem poczty elektronicznej na adres: kontakt@ratownicykredytowi.znakomity.net<\/li>\n<li>W powy\u017cszej wiadomo\u015bci e-mail, nale\u017cy poda\u0107 jak najwi\u0119cej informacji i okoliczno\u015bci dotycz\u0105cych przedmiotu reklamacji, w szczeg\u00f3lno\u015bci rodzaj i dat\u0119 wyst\u0105pienia nieprawid\u0142owo\u015bci oraz dane kontaktowe. Podane informacje znacznie u\u0142atwi\u0105 i przyspiesz\u0105 rozpatrzenie reklamacji przez Us\u0142ugodawc\u0119.<\/li>\n<li>Rozpatrzenie reklamacji przez Us\u0142ugodawc\u0119 nast\u0119puje niezw\u0142ocznie, nie p\u00f3\u017aniej ni\u017c w terminie 14 dni.<\/li>\n<li>Odpowied\u017a Us\u0142ugodawcy w sprawie reklamacji jest wysy\u0142ana na adres e-mail Us\u0142ugobiorcy podany w zg\u0142oszeniu reklamacyjnym lub w inny podany przez Us\u0142ugobiorc\u0119 spos\u00f3b.<\/li>\n<\/ol>\n<\/li>\n<\/ol>\n<\/li>\n<li>W\u0141ASNO\u015a\u0106 INTELEKTUALNA\n<ol>\n<li>Wszystkie tre\u015bci zamieszczone na stronie internetowej pod adresem https:\/\/ratownicykredytowi.znakomity.net korzystaj\u0105 z ochrony prawno autorskiej i s\u0105 w\u0142asno\u015bci\u0105 https:\/\/ratownicykredytowi.znakomity.net Us\u0142ugobiorca ponosi pe\u0142n\u0105 odpowiedzialno\u015b\u0107 za szkod\u0119 wyrz\u0105dzon\u0105 Us\u0142ugodawcy, b\u0119d\u0105c\u0105 nast\u0119pstwem u\u017cycia jakiejkolwiek zawarto\u015bci strony https:\/\/ratownicykredytowi.znakomity.net, bez zgody Us\u0142ugodawcy.<\/li>\n<li>Jakiekolwiek wykorzystanie przez kogokolwiek, bez wyra\u017anej pisemnej zgody Us\u0142ugodawcy, kt\u00f3regokolwiek z element\u00f3w sk\u0142adaj\u0105cych si\u0119 na tre\u015b\u0107 oraz zawarto\u015b\u0107 strony https:\/\/ratownicykredytowi.znakomity.net stanowi naruszenie prawa autorskiego przys\u0142uguj\u0105cego Us\u0142ugodawcy i skutkuje odpowiedzialno\u015bci\u0105 cywilnoprawn\u0105 oraz karn\u0105.<\/li>\n<\/ol>\n<\/li>\n<li>POSTANOWIENIA KO\u0143COWE\n<ol>\n<li>Umowy zawierane za po\u015brednictwem Strony zawierane s\u0105 zgodnie z prawem polskim.<\/li>\n<li>W przypadku niezgodno\u015bci jakiejkolwiek cz\u0119\u015bci Regulaminu z obowi\u0105zuj\u0105cym prawem, w miejsce zakwestionowanego przepisu Regulaminu zastosowanie maj\u0105 w\u0142a\u015bciwe przepisy prawa polskiego.<\/li>\n<\/ol>\n<\/li>\n<\/ol>\n","protected":false},"excerpt":{"rendered":"<p>Postanowienia og\u00f3lne Definicje Rodzaj i zakres us\u0142ug elektronicznych Warunki \u015bwiadczenia i zawierania um\u00f3w o \u015bwiadczenie us\u0142ug elektronicznych Warunki rozwi\u0105zania um\u00f3w o \u015bwiadczenie us\u0142ug elektronicznych Tryb post\u0119powania reklamacyjnego W\u0142asno\u015b\u0107 intelektualna Postanowienia ko\u0144cowe POSTANOWIENIA OG\u00d3LNE Strona https:\/\/ratownicykredytowi.znakomity.net dzia\u0142a na zasadach okre\u015blonych w niniejszym Regulaminie. Regulamin okre\u015bla rodzaje i zakres us\u0142ug \u015bwiadczonych drog\u0105 elektroniczn\u0105 przez Stron\u0119 https:\/\/ratownicykredytowi.znakomity.net, zasady [&hellip;]<\/p>\n","protected":false},"author":1,"featured_media":0,"parent":0,"menu_order":0,"comment_status":"closed","ping_status":"closed","template":"","meta":{"site-sidebar-layout":"default","site-content-layout":"default","ast-site-content-layout":"","site-content-style":"default","site-sidebar-style":"default","ast-global-header-display":"","ast-banner-title-visibility":"","ast-main-header-display":"","ast-hfb-above-header-display":"","ast-hfb-below-header-display":"","ast-hfb-mobile-header-display":"","site-post-title":"","ast-breadcrumbs-content":"","ast-featured-img":"","footer-sml-layout":"","theme-transparent-header-meta":"default","adv-header-id-meta":"","stick-header-meta":"default","header-above-stick-meta":"","header-main-stick-meta":"","header-below-stick-meta":"","astra-migrate-meta-layouts":"default","ast-page-background-enabled":"default","ast-page-background-meta":{"desktop":{"background-color":"","background-image":"","background-repeat":"repeat","background-position":"center center","background-size":"auto","background-attachment":"scroll","background-type":"","background-media":"","overlay-type":"","overlay-color":"","overlay-gradient":""},"tablet":{"background-color":"","background-image":"","background-repeat":"repeat","background-position":"center center","background-size":"auto","background-attachment":"scroll","background-type":"","background-media":"","overlay-type":"","overlay-color":"","overlay-gradient":""},"mobile":{"background-color":"","background-image":"","background-repeat":"repeat","background-position":"center center","background-size":"auto","background-attachment":"scroll","background-type":"","background-media":"","overlay-type":"","overlay-color":"","overlay-gradient":""}},"ast-content-background-meta":{"desktop":{"background-color":"var(--ast-global-color-5)","background-image":"","background-repeat":"repeat","background-position":"center center","background-size":"auto","background-attachment":"scroll","background-type":"","background-media":"","overlay-type":"","overlay-color":"","overlay-gradient":""},"tablet":{"background-color":"var(--ast-global-color-5)","background-image":"","background-repeat":"repeat","background-position":"center center","background-size":"auto","background-attachment":"scroll","background-type":"","background-media":"","overlay-type":"","overlay-color":"","overlay-gradient":""},"mobile":{"background-color":"var(--ast-global-color-5)","background-image":"","background-repeat":"repeat","background-position":"center center","background-size":"auto","background-attachment":"scroll","background-type":"","background-media":"","overlay-type":"","overlay-color":"","overlay-gradient":""}},"footnotes":"","_glsr_average":0,"_glsr_ranking":0,"_glsr_reviews":0},"_links":{"self":[{"href":"https:\/\/ratownicykredytowi.znakomity.net\/index.php?rest_route=\/wp\/v2\/pages\/5286"}],"collection":[{"href":"https:\/\/ratownicykredytowi.znakomity.net\/index.php?rest_route=\/wp\/v2\/pages"}],"about":[{"href":"https:\/\/ratownicykredytowi.znakomity.net\/index.php?rest_route=\/wp\/v2\/types\/page"}],"author":[{"embeddable":true,"href":"https:\/\/ratownicykredytowi.znakomity.net\/index.php?rest_route=\/wp\/v2\/users\/1"}],"replies":[{"embeddable":true,"href":"https:\/\/ratownicykredytowi.znakomity.net\/index.php?rest_route=%2Fwp%2Fv2%2Fcomments&post=5286"}],"version-history":[{"count":3,"href":"https:\/\/ratownicykredytowi.znakomity.net\/index.php?rest_route=\/wp\/v2\/pages\/5286\/revisions"}],"predecessor-version":[{"id":6493,"href":"https:\/\/ratownicykredytowi.znakomity.net\/index.php?rest_route=\/wp\/v2\/pages\/5286\/revisions\/6493"}],"wp:attachment":[{"href":"https:\/\/ratownicykredytowi.znakomity.net\/index.php?rest_route=%2Fwp%2Fv2%2Fmedia&parent=5286"}],"curies":[{"name":"wp","href":"https:\/\/api.w.org\/{rel}","templated":true}]}}